{"id":60,"date":"2013-12-23T09:01:51","date_gmt":"2013-12-23T08:01:51","guid":{"rendered":"http:\/\/toontjeongeregeld.nl\/?page_id=60"},"modified":"2025-05-15T01:33:31","modified_gmt":"2025-05-14T23:33:31","slug":"contact","status":"publish","type":"page","link":"https:\/\/toontjeongeregeld.nl\/?page_id=60","title":{"rendered":"Boek ons \/ Contact"},"content":{"rendered":"\n<p class=\"has-text-align-center has-larger-font-size\"><img loading=\"lazy\" decoding=\"async\" width=\"1500\" height=\"1125\" class=\"wp-image-1537\" style=\"width: 30px;\" src=\"http:\/\/toontjeongeregeld.nl\/wp-content\/uploads\/2024\/01\/Nederlandse-vlag.webp\" alt=\"\" srcset=\"https:\/\/toontjeongeregeld.nl\/wp-content\/uploads\/2024\/01\/Nederlandse-vlag.webp 1500w, https:\/\/toontjeongeregeld.nl\/wp-content\/uploads\/2024\/01\/Nederlandse-vlag-300x225.webp 300w, https:\/\/toontjeongeregeld.nl\/wp-content\/uploads\/2024\/01\/Nederlandse-vlag-1024x768.webp 1024w, https:\/\/toontjeongeregeld.nl\/wp-content\/uploads\/2024\/01\/Nederlandse-vlag-768x576.webp 768w\" sizes=\"(max-width: 1500px) 100vw, 1500px\" \/> <\/p>\n\n\n\n<p class=\"has-larger-font-size\"><strong><em>Boek<\/em><\/strong> <strong><em>ons  \/ <\/em><\/strong><em style=\"font-weight: bold;\">Contact<\/em><\/p>\n\n\n\n<p>Bent u enthousiast geworden en zou u wel eens meer van ons willen horen of wilt u graag dat Toontje Ongeregeld op uw feestje komt optreden? <\/p>\n\n\n\n<p>Mail dan naar toontjeongeregeld@gmail.com en u hoort zo snel mogelijk van ons!\u00a0<\/p>\n\n\n\n<div style=\"height:60px\" aria-hidden=\"true\" class=\"wp-block-spacer\"><\/div>\n\n\n\n<p class=\"has-text-align-center has-larger-font-size\"><img loading=\"lazy\" decoding=\"async\" width=\"600\" height=\"402\" class=\"wp-image-1538\" style=\"width: 30px;\" src=\"http:\/\/toontjeongeregeld.nl\/wp-content\/uploads\/2024\/01\/Duitse-vlag.gif\" alt=\"\"> <\/p>\n\n\n\n<p class=\"has-larger-font-size\"><strong><em>Buchen Sie uns  \/ <\/em><\/strong><em style=\"font-weight: bold;\">Kontakt<\/em><\/p>\n\n\n\n<p class=\"has-regular-font-size\">Sind Sie begeistert und m\u00f6chten Sie mehr von uns h\u00f6ren oder m\u00f6chten Sie, dass Toontje Ongeregeld bei Ihnen auftritt? Zum Beispiel f\u00fcr eine Party, ein Stadtfest oder einfach bei Ihnen zu Hause? <\/p>\n\n\n\n<p class=\"has-regular-font-size\">Bitte senden Sie eine E-Mail an toontjeongeregeld@gmail.com und wir werden uns schnell bei Ihnen melden.<\/p>\n\n\n\n<p><\/p>\n\n\n<div class=\"wp-block-image\">\n<figure class=\"aligncenter size-large is-resized\"><a href=\"http:\/\/toontjeongeregeld.nl\/wp-content\/uploads\/2024\/01\/Toontje-Ongeregeld-Logo-Hogere-Resolutie-1.png\"><img loading=\"lazy\" decoding=\"async\" width=\"1024\" height=\"428\" src=\"http:\/\/toontjeongeregeld.nl\/wp-content\/uploads\/2024\/01\/Toontje-Ongeregeld-Logo-Hogere-Resolutie-1-1024x428.png\" alt=\"\" class=\"wp-image-1481\" style=\"width:542px;height:auto\" srcset=\"https:\/\/toontjeongeregeld.nl\/wp-content\/uploads\/2024\/01\/Toontje-Ongeregeld-Logo-Hogere-Resolutie-1-1024x428.png 1024w, https:\/\/toontjeongeregeld.nl\/wp-content\/uploads\/2024\/01\/Toontje-Ongeregeld-Logo-Hogere-Resolutie-1-300x125.png 300w, https:\/\/toontjeongeregeld.nl\/wp-content\/uploads\/2024\/01\/Toontje-Ongeregeld-Logo-Hogere-Resolutie-1-768x321.png 768w, https:\/\/toontjeongeregeld.nl\/wp-content\/uploads\/2024\/01\/Toontje-Ongeregeld-Logo-Hogere-Resolutie-1-1536x642.png 1536w, https:\/\/toontjeongeregeld.nl\/wp-content\/uploads\/2024\/01\/Toontje-Ongeregeld-Logo-Hogere-Resolutie-1-2048x856.png 2048w\" sizes=\"(max-width: 1024px) 100vw, 1024px\" \/><\/a><\/figure><\/div>\n\n\n<ul class=\"wp-block-social-links aligncenter is-layout-flex wp-block-social-links-is-layout-flex\"><li class=\"wp-social-link wp-social-link-instagram  wp-block-social-link\"><a href=\"https:\/\/www.instagram.com\/toontjeongeregeld\/\" class=\"wp-block-social-link-anchor\"><svg width=\"24\" height=\"24\" viewBox=\"0 0 24 24\" version=\"1.1\" xmlns=\"http:\/\/www.w3.org\/2000\/svg\" aria-hidden=\"true\" focusable=\"false\"><path d=\"M12,4.622c2.403,0,2.688,0.009,3.637,0.052c0.877,0.04,1.354,0.187,1.671,0.31c0.42,0.163,0.72,0.358,1.035,0.673 c0.315,0.315,0.51,0.615,0.673,1.035c0.123,0.317,0.27,0.794,0.31,1.671c0.043,0.949,0.052,1.234,0.052,3.637 s-0.009,2.688-0.052,3.637c-0.04,0.877-0.187,1.354-0.31,1.671c-0.163,0.42-0.358,0.72-0.673,1.035 c-0.315,0.315-0.615,0.51-1.035,0.673c-0.317,0.123-0.794,0.27-1.671,0.31c-0.949,0.043-1.233,0.052-3.637,0.052 s-2.688-0.009-3.637-0.052c-0.877-0.04-1.354-0.187-1.671-0.31c-0.42-0.163-0.72-0.358-1.035-0.673 c-0.315-0.315-0.51-0.615-0.673-1.035c-0.123-0.317-0.27-0.794-0.31-1.671C4.631,14.688,4.622,14.403,4.622,12 s0.009-2.688,0.052-3.637c0.04-0.877,0.187-1.354,0.31-1.671c0.163-0.42,0.358-0.72,0.673-1.035 c0.315-0.315,0.615-0.51,1.035-0.673c0.317-0.123,0.794-0.27,1.671-0.31C9.312,4.631,9.597,4.622,12,4.622 M12,3 C9.556,3,9.249,3.01,8.289,3.054C7.331,3.098,6.677,3.25,6.105,3.472C5.513,3.702,5.011,4.01,4.511,4.511 c-0.5,0.5-0.808,1.002-1.038,1.594C3.25,6.677,3.098,7.331,3.054,8.289C3.01,9.249,3,9.556,3,12c0,2.444,0.01,2.751,0.054,3.711 c0.044,0.958,0.196,1.612,0.418,2.185c0.23,0.592,0.538,1.094,1.038,1.594c0.5,0.5,1.002,0.808,1.594,1.038 c0.572,0.222,1.227,0.375,2.185,0.418C9.249,20.99,9.556,21,12,21s2.751-0.01,3.711-0.054c0.958-0.044,1.612-0.196,2.185-0.418 c0.592-0.23,1.094-0.538,1.594-1.038c0.5-0.5,0.808-1.002,1.038-1.594c0.222-0.572,0.375-1.227,0.418-2.185 C20.99,14.751,21,14.444,21,12s-0.01-2.751-0.054-3.711c-0.044-0.958-0.196-1.612-0.418-2.185c-0.23-0.592-0.538-1.094-1.038-1.594 c-0.5-0.5-1.002-0.808-1.594-1.038c-0.572-0.222-1.227-0.375-2.185-0.418C14.751,3.01,14.444,3,12,3L12,3z M12,7.378 c-2.552,0-4.622,2.069-4.622,4.622S9.448,16.622,12,16.622s4.622-2.069,4.622-4.622S14.552,7.378,12,7.378z M12,15 c-1.657,0-3-1.343-3-3s1.343-3,3-3s3,1.343,3,3S13.657,15,12,15z M16.804,6.116c-0.596,0-1.08,0.484-1.08,1.08 s0.484,1.08,1.08,1.08c0.596,0,1.08-0.484,1.08-1.08S17.401,6.116,16.804,6.116z\"><\/path><\/svg><span class=\"wp-block-social-link-label screen-reader-text\">Instagram<\/span><\/a><\/li>\n\n<li class=\"wp-social-link wp-social-link-facebook  wp-block-social-link\"><a href=\"https:\/\/www.facebook.com\/toontjeongeregeldwinterswijk\" class=\"wp-block-social-link-anchor\"><svg width=\"24\" height=\"24\" viewBox=\"0 0 24 24\" version=\"1.1\" xmlns=\"http:\/\/www.w3.org\/2000\/svg\" aria-hidden=\"true\" focusable=\"false\"><path d=\"M12 2C6.5 2 2 6.5 2 12c0 5 3.7 9.1 8.4 9.9v-7H7.9V12h2.5V9.8c0-2.5 1.5-3.9 3.8-3.9 1.1 0 2.2.2 2.2.2v2.5h-1.3c-1.2 0-1.6.8-1.6 1.6V12h2.8l-.4 2.9h-2.3v7C18.3 21.1 22 17 22 12c0-5.5-4.5-10-10-10z\"><\/path><\/svg><span class=\"wp-block-social-link-label screen-reader-text\">Facebook<\/span><\/a><\/li><\/ul>\n","protected":false},"excerpt":{"rendered":"<p>Boek ons \/ Contact Bent u enthousiast geworden en zou u wel eens meer van ons willen horen of wilt u graag dat Toontje Ongeregeld&hellip;<\/p>\n","protected":false},"author":1,"featured_media":0,"parent":0,"menu_order":0,"comment_status":"closed","ping_status":"open","template":"","meta":{"footnotes":""},"aioseo_notices":[],"_links":{"self":[{"href":"https:\/\/toontjeongeregeld.nl\/index.php?rest_route=\/wp\/v2\/pages\/60"}],"collection":[{"href":"https:\/\/toontjeongeregeld.nl\/index.php?rest_route=\/wp\/v2\/pages"}],"about":[{"href":"https:\/\/toontjeongeregeld.nl\/index.php?rest_route=\/wp\/v2\/types\/page"}],"author":[{"embeddable":true,"href":"https:\/\/toontjeongeregeld.nl\/index.php?rest_route=\/wp\/v2\/users\/1"}],"replies":[{"embeddable":true,"href":"https:\/\/toontjeongeregeld.nl\/index.php?rest_route=%2Fwp%2Fv2%2Fcomments&post=60"}],"version-history":[{"count":43,"href":"https:\/\/toontjeongeregeld.nl\/index.php?rest_route=\/wp\/v2\/pages\/60\/revisions"}],"predecessor-version":[{"id":1723,"href":"https:\/\/toontjeongeregeld.nl\/index.php?rest_route=\/wp\/v2\/pages\/60\/revisions\/1723"}],"wp:attachment":[{"href":"https:\/\/toontjeongeregeld.nl\/index.php?rest_route=%2Fwp%2Fv2%2Fmedia&parent=60"}],"curies":[{"name":"wp","href":"https:\/\/api.w.org\/{rel}","templated":true}]}}